{"id":751,"date":"2026-04-27T21:42:14","date_gmt":"2026-04-27T21:42:14","guid":{"rendered":"https:\/\/aventurafrancaaustral.com.ar\/tienda\/?post_type=product&#038;p=751"},"modified":"2026-04-30T10:43:35","modified_gmt":"2026-04-30T10:43:35","slug":"acompanante","status":"publish","type":"product","link":"https:\/\/aventurafrancaaustral.com.ar\/tienda\/producto\/acompanante\/","title":{"rendered":"Acompa\u00f1ante"},"content":{"rendered":"<p>\u00bfQueres ir a ver la largada?<br \/>\nAhora podes ser uno de los privilegiados en presenciar Aventura Franca Austral y estar en la mejor playa para ver ballenas del mundo.<\/p>\n<hr \/>\n<p>Controla el DNI ya que es la \u00fanica forma de poder subir al micro.<\/p>\n<p>Esta entrada es \u00fanica e intransferible.<\/p>\n","protected":false},"excerpt":{"rendered":"<p><span style=\"font-weight: 400;\">INFORMACI\u00d3N PARA ESPECTADORES DE AVENTURA FRANCA AUSTRAL<\/span><\/p>\n<ul>\n<li style=\"font-weight: 400;\" aria-level=\"1\"><span style=\"font-weight: 400;\">El traslado se realizar\u00e1 con los micros brindados por la organizaci\u00f3n dispuestos para tal fin.<\/span><\/li>\n<li style=\"font-weight: 400;\" aria-level=\"1\"><span style=\"font-weight: 400;\">Deber\u00e1n presentarse en la acreditaci\u00f3n a retirar la pulsera que servir\u00e1 como boleto.\u00a0<\/span><\/li>\n<li style=\"font-weight: 400;\" aria-level=\"1\"><span style=\"font-weight: 400;\">De no poder asistir por cualquier motivo, el valor del mismo no se reembolsar\u00e1 ni podr\u00e1 ser transferido a otra persona.<\/span><\/li>\n<li style=\"font-weight: 400;\" aria-level=\"1\"><span style=\"font-weight: 400;\">Mayores de 2 a\u00f1os abonan el boleto completo (ocupen o no el asiento).<\/span><\/li>\n<li style=\"font-weight: 400;\" aria-level=\"1\"><span style=\"font-weight: 400;\">Estar\u00e1n en el \u00c1rea Natural Protegida El Doradillo, por lo que es important\u00edsimo conocer las medidas de cuidado y prevenci\u00f3n para desenvolverse en la misma.<\/span><\/li>\n<li style=\"font-weight: 400;\" aria-level=\"1\"><span style=\"font-weight: 400;\">IMPORTANTE: si el acompa\u00f1ante espectador es menor, se debe firmar el d\u00eda de la entrega de kit, la planilla de deslinde y autorizaci\u00f3n para el viaje. Sin esto no podr\u00e1 subir al micro.<\/span><\/li>\n<\/ul>\n","protected":false},"featured_media":109,"template":"","meta":[],"product_brand":[],"product_cat":[15],"product_tag":[],"class_list":{"0":"post-751","1":"product","2":"type-product","3":"status-publish","4":"has-post-thumbnail","6":"product_cat-sin-categorizar","8":"first","9":"instock","10":"shipping-taxable","11":"purchasable","12":"product-type-ticket-event"},"_links":{"self":[{"href":"https:\/\/aventurafrancaaustral.com.ar\/tienda\/wp-json\/wp\/v2\/product\/751","targetHints":{"allow":["GET"]}}],"collection":[{"href":"https:\/\/aventurafrancaaustral.com.ar\/tienda\/wp-json\/wp\/v2\/product"}],"about":[{"href":"https:\/\/aventurafrancaaustral.com.ar\/tienda\/wp-json\/wp\/v2\/types\/product"}],"wp:featuredmedia":[{"embeddable":true,"href":"https:\/\/aventurafrancaaustral.com.ar\/tienda\/wp-json\/wp\/v2\/media\/109"}],"wp:attachment":[{"href":"https:\/\/aventurafrancaaustral.com.ar\/tienda\/wp-json\/wp\/v2\/media?parent=751"}],"wp:term":[{"taxonomy":"product_brand","embeddable":true,"href":"https:\/\/aventurafrancaaustral.com.ar\/tienda\/wp-json\/wp\/v2\/product_brand?post=751"},{"taxonomy":"product_cat","embeddable":true,"href":"https:\/\/aventurafrancaaustral.com.ar\/tienda\/wp-json\/wp\/v2\/product_cat?post=751"},{"taxonomy":"product_tag","embeddable":true,"href":"https:\/\/aventurafrancaaustral.com.ar\/tienda\/wp-json\/wp\/v2\/product_tag?post=751"}],"curies":[{"name":"wp","href":"https:\/\/api.w.org\/{rel}","templated":true}]}}