{"id":98,"date":"2025-11-14T22:46:20","date_gmt":"2025-11-14T22:46:20","guid":{"rendered":"https:\/\/aventurafrancaaustral.com.ar\/tienda\/?post_type=product&#038;p=98"},"modified":"2026-05-08T02:25:20","modified_gmt":"2026-05-08T02:25:20","slug":"aventura-franca-austral-7k","status":"publish","type":"product","link":"https:\/\/aventurafrancaaustral.com.ar\/tienda\/producto\/aventura-franca-austral-7k\/","title":{"rendered":"Aventura Franca Austral 7K"},"content":{"rendered":"<p data-key=\"15\"><span data-key=\"16\">DISTANCIAS: 7K, 11K, 19K y 26K general y por categor\u00edas la \u00fanica carrera permitida en el &#8220;\u00c1rea Natural Protegida El Doradillo&#8221;, largando desde la m\u00edtica Playa Canteras, en donde se hacen los avistajes costeros de ballenas a menor distancia del mundo y corriendo en un bello circuito con caracter\u00edsticas \u00fanicas. Senderos, playas, m\u00e9danos y ballenas se juntan en el mismo lugar para hacer de esta carrera de aventura un experiencia inolvidable. <\/span><\/p>\n<p data-key=\"17\"><span data-key=\"18\">La inscripci\u00f3n incluye:<\/span><\/p>\n<ul>\n<li data-key=\"17\"><span data-key=\"18\">La posibilidad de correr por un lugar \u00fanico.<\/span><\/li>\n<li data-key=\"17\"><span data-key=\"18\">Remera del evento.<\/span><\/li>\n<li data-key=\"17\"><span data-key=\"18\">Rompeviento oficial.<\/span><\/li>\n<li data-key=\"17\"><span data-key=\"18\">Manga.<\/span><\/li>\n<li data-key=\"17\">Dorsal.<\/li>\n<li data-key=\"17\">Guardarropa.<\/li>\n<li data-key=\"17\">Fotograf\u00edas de especialistas.<\/li>\n<li data-key=\"17\">Accesorios y regalos.<\/li>\n<li data-key=\"17\"><span data-key=\"18\">Traslado en micros a la carrera.<\/span><\/li>\n<li data-key=\"17\">Sandwich de cordero en la llegada.<\/li>\n<li data-key=\"17\">Control de tiempo por chip.<\/li>\n<li data-key=\"17\"><span data-key=\"18\">Seguro deportivo.<\/span><\/li>\n<li data-key=\"17\"><span data-key=\"18\">Servicio de ambulancia durante la competencia.<\/span><\/li>\n<li data-key=\"17\"><span data-key=\"18\">Medallas finisher<\/span><span data-key=\"18\">.<\/span><\/li>\n<li data-key=\"17\">Premios seg\u00fan clasificaci\u00f3n.<\/li>\n<li data-key=\"17\">Obsequios de sponsor.<\/li>\n<\/ul>\n","protected":false},"excerpt":{"rendered":"<p>La \u00fanica carrera permitida en el ANP El Doradillo, largando desde Playa Canteras, el mejor lugar del mundo para ver ballenas desde la costa.<\/p>\n<p><a href=\"https:\/\/aventurafrancaaustral.com.ar\/tienda\/wp-content\/uploads\/2025\/11\/talles-remeras.jpeg\" target=\"_blank\" rel=\"noopener\">Ver talle remera<\/a><\/p>\n<p><a href=\"https:\/\/aventurafrancaaustral.com.ar\/tienda\/wp-content\/uploads\/2025\/11\/talles-rompevientos.jpeg\" target=\"_blank\" rel=\"noopener\">Ver talle rompevientos<\/a><\/p>\n<p>Con tu inscripci\u00f3n estas colaborando con $10.000 para el <strong>\u00c1rea Natural Protegida el Doradillo<\/strong>.<\/p>\n<p><a class=\"button\" href=\"https:\/\/forms.gle\/zNeBPuSUA8SQdB4s6\" target=\"_blank\" rel=\"noopener\">Si tenes un TEAM escribinos<\/a><\/p>\n","protected":false},"featured_media":105,"template":"","meta":[],"product_brand":[],"product_cat":[19],"product_tag":[],"class_list":{"0":"post-98","1":"product","2":"type-product","3":"status-publish","4":"has-post-thumbnail","6":"product_cat-carrera","8":"first","9":"instock","10":"virtual","11":"purchasable","12":"product-type-ticket-event"},"_links":{"self":[{"href":"https:\/\/aventurafrancaaustral.com.ar\/tienda\/wp-json\/wp\/v2\/product\/98","targetHints":{"allow":["GET"]}}],"collection":[{"href":"https:\/\/aventurafrancaaustral.com.ar\/tienda\/wp-json\/wp\/v2\/product"}],"about":[{"href":"https:\/\/aventurafrancaaustral.com.ar\/tienda\/wp-json\/wp\/v2\/types\/product"}],"wp:featuredmedia":[{"embeddable":true,"href":"https:\/\/aventurafrancaaustral.com.ar\/tienda\/wp-json\/wp\/v2\/media\/105"}],"wp:attachment":[{"href":"https:\/\/aventurafrancaaustral.com.ar\/tienda\/wp-json\/wp\/v2\/media?parent=98"}],"wp:term":[{"taxonomy":"product_brand","embeddable":true,"href":"https:\/\/aventurafrancaaustral.com.ar\/tienda\/wp-json\/wp\/v2\/product_brand?post=98"},{"taxonomy":"product_cat","embeddable":true,"href":"https:\/\/aventurafrancaaustral.com.ar\/tienda\/wp-json\/wp\/v2\/product_cat?post=98"},{"taxonomy":"product_tag","embeddable":true,"href":"https:\/\/aventurafrancaaustral.com.ar\/tienda\/wp-json\/wp\/v2\/product_tag?post=98"}],"curies":[{"name":"wp","href":"https:\/\/api.w.org\/{rel}","templated":true}]}}